{"id":758,"date":"2024-05-09T21:31:07","date_gmt":"2024-05-10T01:31:07","guid":{"rendered":"https:\/\/vamilco.net\/?page_id=758"},"modified":"2024-05-30T14:17:46","modified_gmt":"2024-05-30T18:17:46","slug":"proyectos","status":"publish","type":"page","link":"https:\/\/vamilco.net\/?page_id=758","title":{"rendered":"Proyectos"},"content":{"rendered":"\n<div class=\"wp-block-stackable-columns alignfull stk-block-columns stk-block stk-51b2b12 stk-block-background stk--has-background-overlay\" data-block-id=\"51b2b12\"><style>.stk-51b2b12{background-image:url(http:\/\/vamilco.net\/wp-content\/uploads\/2024\/05\/engineering-1064005_1280.jpg) !important;background-position:center center !important;background-repeat:no-repeat !important;background-size:cover !important;padding-top:300px !important;padding-bottom:200px !important;margin-bottom:0px !important}.stk-51b2b12:before{background-color:#000000 !important;opacity:0.5 !important}.stk-51b2b12-column{--stk-column-gap:35px !important}@media screen and (max-width:999px){.stk-51b2b12{padding-top:250px !important;padding-bottom:150px !important}}@media screen and (max-width:689px){.stk-51b2b12{padding-top:150px !important;padding-bottom:100px !important}}<\/style><div class=\"stk-row stk-inner-blocks stk-block-content stk-content-align stk-51b2b12-column\">\n<div class=\"wp-block-stackable-column stk-block-column stk-column stk-block stk-3a43e6b\" data-v=\"4\" data-block-id=\"3a43e6b\"><style>.stk-3a43e6b-container{margin-top:0px !important;margin-right:0px !important;margin-bottom:0px !important;margin-left:0px !important}@media screen and (min-width:690px){.stk-3a43e6b{flex:var(--stk-flex-grow,1) 1 calc(45% - var(--stk-column-gap,0px) * 1 \/ 2 ) !important}}@media screen and (min-width:690px) and (max-width:999px){.stk-3a43e6b{flex:var(--stk-flex-grow,1) 1 calc(100% - var(--stk-column-gap,0px) * 0 \/ 1 ) !important}}<\/style><div class=\"stk-column-wrapper stk-block-column__content stk-container stk-3a43e6b-container stk--no-background stk--no-padding\"><div class=\"has-text-align-center-tablet stk-block-content stk-inner-blocks stk-3a43e6b-inner-blocks\">\n<div class=\"wp-block-stackable-text stk-block-text stk-block stk-3bad419\" data-block-id=\"3bad419\"><style>.stk-3bad419{margin-bottom:8px !important}.stk-3bad419 .stk-block-text__text{color:var(--theme-palette-color-8,#ffffff) !important;font-weight:bold !important}<\/style><p class=\"stk-block-text__text has-text-color\">En lo que estamos trabajando<\/p><\/div>\n\n\n\n<div class=\"wp-block-stackable-heading stk-block-heading stk-block-heading--v2 stk-block stk-7225c59\" id=\"el-inicio-de-algo-nuevo\" data-block-id=\"7225c59\"><style>.stk-7225c59{margin-bottom:10px !important}.stk-7225c59 .stk-block-heading__text{font-size:45px !important;color:var(--theme-palette-color-8,#ffffff) !important;line-height:1.3em !important;font-weight:800 !important}@media screen and (max-width:999px){.stk-7225c59 .stk-block-heading__text{font-size:40px !important}}@media screen and (max-width:689px){.stk-7225c59 .stk-block-heading__text{font-size:30px !important}}<\/style><h2 class=\"stk-block-heading__text has-text-color\">El inicio de algo nuevo<\/h2><\/div>\n\n\n\n<div class=\"wp-block-stackable-text stk-block-text stk-block stk-81505a5\" data-block-id=\"81505a5\"><style>.stk-81505a5 .stk-block-text__text{color:var(--theme-palette-color-8,#ffffff) !important}<\/style><p class=\"stk-block-text__text has-text-color\">Nuestro esfuerzo y dedicaci\u00f3n<\/p><\/div>\n<\/div><\/div><\/div>\n\n\n\n<div class=\"wp-block-stackable-column stk-block-column stk-column stk-block stk-0e2597c\" data-v=\"4\" data-block-id=\"0e2597c\"><style>.stk-0e2597c-container{margin-top:0px !important;margin-right:0px !important;margin-bottom:0px !important;margin-left:0px !important}@media screen and (min-width:690px){.stk-0e2597c{flex:var(--stk-flex-grow,1) 1 calc(55% - var(--stk-column-gap,0px) * 1 \/ 2 ) !important}}@media screen and (min-width:690px) and (max-width:999px){.stk-0e2597c{flex:var(--stk-flex-grow,1) 1 calc(100% - var(--stk-column-gap,0px) * 0 \/ 1 ) !important}}<\/style><div class=\"stk-column-wrapper stk-block-column__content stk-container stk-0e2597c-container stk--no-background stk--no-padding\"><div class=\"stk-block-content stk-inner-blocks stk-0e2597c-inner-blocks\"><\/div><\/div><\/div>\n<\/div><\/div>\n\n\n\n<h1 class=\"wp-block-heading has-text-align-center\"><strong>GALPONES WAREHOUSE y <\/strong><strong>MINIDEPOSITOS<\/strong><\/h1>\n\n\n\n<div class=\"wp-block-stackable-columns stk-block-columns stk-block stk-f6a58c4\" data-block-id=\"f6a58c4\"><div class=\"stk-row stk-inner-blocks stk-block-content stk-content-align stk-f6a58c4-column\">\n<div class=\"wp-block-stackable-column stk-block-column stk-column stk-block stk-a242782\" data-v=\"4\" data-block-id=\"a242782\"><div class=\"stk-column-wrapper stk-block-column__content stk-container stk-a242782-container stk--no-background stk--no-padding\"><div class=\"stk-block-content stk-inner-blocks stk-a242782-inner-blocks\">\n<h2 class=\"wp-block-heading\">C.C.I. Acaymo<\/h2>\n\n\n\n<figure class=\"wp-block-image alignleft size-full\"><img loading=\"lazy\" decoding=\"async\" width=\"260\" height=\"103\" src=\"http:\/\/vamilco.net\/wp-content\/uploads\/2024\/05\/acaymo-logo.jpg\" alt=\"\" class=\"wp-image-759\"\/><\/figure>\n\n\n\n<p><strong><span style=\"color: var(--theme-palette-color-4, #102136);\" class=\"stk-highlight\">San Diego, Edo. Carabobo.<\/span><\/strong><\/p>\n\n\n\n<ul class=\"has-palette-color-4-color has-text-color has-link-color has-medium-font-size wp-block-list wp-elements-92a7d1b57feda4105bdcf4d7768f2aa4\">\n<li>22 GALPONES WAREHOUSE<\/li>\n\n\n\n<li>12 MINI GALPONES WAREHOUSE<\/li>\n\n\n\n<li>176 MINI DEP\u00d3SITOS<\/li>\n<\/ul>\n<\/div><\/div><\/div>\n\n\n\n<div class=\"wp-block-stackable-column stk-block-column stk-column stk-block stk-3b33ce6\" data-v=\"4\" data-block-id=\"3b33ce6\"><div class=\"stk-column-wrapper stk-block-column__content stk-container stk-3b33ce6-container stk--no-background stk--no-padding\"><div class=\"stk-block-content stk-inner-blocks stk-3b33ce6-inner-blocks\">\n<div class=\"wp-block-stackable-columns stk-block-columns stk-block stk-17a2e95\" data-block-id=\"17a2e95\"><div class=\"stk-row stk-inner-blocks stk-block-content stk-content-align stk-17a2e95-column\">\n<div class=\"wp-block-stackable-column stk-block-column stk-column stk-block stk-c28ff3e\" data-v=\"4\" data-block-id=\"c28ff3e\"><div class=\"stk-column-wrapper stk-block-column__content stk-container stk-c28ff3e-container stk--no-background stk--no-padding\"><div class=\"stk-block-content stk-inner-blocks stk-c28ff3e-inner-blocks\">\n<div class=\"wp-block-stackable-image stk-block-image stk-block stk-75ca28a\" data-block-id=\"75ca28a\"><style>.stk-75ca28a .stk-img-wrapper{width:100% !important;height:400px !important}<\/style><figure><span class=\"stk-img-wrapper stk-image--shape-stretch\"><img loading=\"lazy\" decoding=\"async\" class=\"stk-img wp-image-866\" src=\"http:\/\/vamilco.net\/wp-content\/uploads\/2024\/05\/ACAYMO-1RA-FOTO-scaled.jpg\" width=\"2560\" height=\"1440\" srcset=\"https:\/\/vamilco.net\/wp-content\/uploads\/2024\/05\/ACAYMO-1RA-FOTO-scaled.jpg 2560w, https:\/\/vamilco.net\/wp-content\/uploads\/2024\/05\/ACAYMO-1RA-FOTO-300x169.jpg 300w, https:\/\/vamilco.net\/wp-content\/uploads\/2024\/05\/ACAYMO-1RA-FOTO-1024x576.jpg 1024w, https:\/\/vamilco.net\/wp-content\/uploads\/2024\/05\/ACAYMO-1RA-FOTO-768x432.jpg 768w, https:\/\/vamilco.net\/wp-content\/uploads\/2024\/05\/ACAYMO-1RA-FOTO-1536x864.jpg 1536w, https:\/\/vamilco.net\/wp-content\/uploads\/2024\/05\/ACAYMO-1RA-FOTO-2048x1152.jpg 2048w\" sizes=\"auto, (max-width: 2560px) 100vw, 2560px\" \/><\/span><\/figure><\/div>\n<\/div><\/div><\/div>\n<\/div><\/div>\n<\/div><\/div><\/div>\n<\/div><\/div>\n\n\n\n<div class=\"wp-block-stackable-carousel stk-block-carousel stk--is-slide stk--arrows-justify-space-between stk--arrows-align-center stk-block stk-40e3786\" data-slides-to-show=\"\" data-block-id=\"40e3786\"><style>.stk-40e3786{margin-bottom:63px !important}<\/style><div class=\"stk-block-carousel__content-wrapper\"><div class=\"stk-row stk-inner-blocks stk-block-content stk-block-carousel__slider-wrapper stk-content-align stk-40e3786-column\"><div class=\"stk-block-carousel__slider\" role=\"list\" data-autoplay=\"4000\" data-label-slide-of=\"Slide %%d of %%d\">\n<div class=\"wp-block-stackable-column stk-block-column stk-column stk-block stk-90b34a1\" data-v=\"4\" data-block-id=\"90b34a1\"><div class=\"stk-column-wrapper stk-block-column__content stk-container stk-90b34a1-container stk--no-background stk--no-padding\"><div class=\"stk-block-content stk-inner-blocks stk-90b34a1-inner-blocks\">\n<div class=\"wp-block-stackable-image stk-block-image stk-block stk-ea95b30\" data-block-id=\"ea95b30\"><figure><span class=\"stk-img-wrapper stk-image--shape-stretch\"><img loading=\"lazy\" decoding=\"async\" class=\"stk-img wp-image-867\" src=\"http:\/\/vamilco.net\/wp-content\/uploads\/2024\/05\/ACAYMO-2DA-FOTO-scaled.jpg\" width=\"2560\" height=\"1440\" srcset=\"https:\/\/vamilco.net\/wp-content\/uploads\/2024\/05\/ACAYMO-2DA-FOTO-scaled.jpg 2560w, https:\/\/vamilco.net\/wp-content\/uploads\/2024\/05\/ACAYMO-2DA-FOTO-300x169.jpg 300w, https:\/\/vamilco.net\/wp-content\/uploads\/2024\/05\/ACAYMO-2DA-FOTO-1024x576.jpg 1024w, https:\/\/vamilco.net\/wp-content\/uploads\/2024\/05\/ACAYMO-2DA-FOTO-768x432.jpg 768w, https:\/\/vamilco.net\/wp-content\/uploads\/2024\/05\/ACAYMO-2DA-FOTO-1536x864.jpg 1536w, https:\/\/vamilco.net\/wp-content\/uploads\/2024\/05\/ACAYMO-2DA-FOTO-2048x1152.jpg 2048w\" sizes=\"auto, (max-width: 2560px) 100vw, 2560px\" \/><\/span><\/figure><\/div>\n<\/div><\/div><\/div>\n\n\n\n<div class=\"wp-block-stackable-column stk-block-column stk-column stk-block stk-40539b0 stk-block-background stk--has-background-overlay\" data-v=\"4\" data-block-id=\"40539b0\"><style>.stk-40539b0{background-image:url(http:\/\/vamilco.net\/wp-content\/uploads\/2024\/05\/ACAYMO-AREA-MINIDEPOSITOS.jpg) !important}<\/style><div class=\"stk-column-wrapper stk-block-column__content stk-container stk-40539b0-container stk--no-background stk--no-padding\"><div class=\"stk-block-content stk-inner-blocks stk-40539b0-inner-blocks\"><\/div><\/div><\/div>\n\n\n\n<div class=\"wp-block-stackable-column stk-block-column stk-column stk-block stk-08dc5f9 stk-block-background stk--has-background-overlay\" data-v=\"4\" data-block-id=\"08dc5f9\"><style>.stk-08dc5f9{background-image:url(http:\/\/vamilco.net\/wp-content\/uploads\/2024\/05\/ACAYMO-AREA-CENTRAL-GALPONES-WAREHOUSE-315-M2-scaled.jpg) !important}<\/style><div class=\"stk-column-wrapper stk-block-column__content stk-container stk-08dc5f9-container stk--no-background stk--no-padding\"><div class=\"stk-block-content stk-inner-blocks stk-08dc5f9-inner-blocks\"><\/div><\/div><\/div>\n\n\n\n<div class=\"wp-block-stackable-column stk-block-column stk-column stk-block stk-db6b307 stk-block-background stk--has-background-overlay\" data-v=\"4\" data-block-id=\"db6b307\"><style>.stk-db6b307{background-image:url(http:\/\/vamilco.net\/wp-content\/uploads\/2024\/05\/ACAYMO-AREA-MINI-GALPONES-LATERAL-SUR-scaled.jpg) !important}<\/style><div class=\"stk-column-wrapper stk-block-column__content stk-container stk-db6b307-container stk--no-background stk--no-padding\"><div class=\"stk-block-content stk-inner-blocks stk-db6b307-inner-blocks\"><\/div><\/div><\/div>\n<\/div><div class=\"stk-block-carousel__buttons\"><button class=\"stk-block-carousel__button stk-block-carousel__button__prev\" aria-label=\"Previous slide\"><svg aria-hidden=\"true\" focusable=\"false\" data-prefix=\"fas\" data-icon=\"chevron-left\" class=\"svg-inline--fa fa-chevron-left\" xmlns=\"http:\/\/www.w3.org\/2000\/svg\" viewBox=\"0 0 320 512\" width=\"32\" height=\"32\"><path d=\"M34.52 239.03L228.87 44.69c9.37-9.37 24.57-9.37 33.94 0l22.67 22.67c9.36 9.36 9.37 24.52.04 33.9L131.49 256l154.02 154.75c9.34 9.38 9.32 24.54-.04 33.9l-22.67 22.67c-9.37 9.37-24.57 9.37-33.94 0L34.52 272.97c-9.37-9.37-9.37-24.57 0-33.94z\"><\/path><\/svg><\/button><button class=\"stk-block-carousel__button stk-block-carousel__button__next\" aria-label=\"Next slide\"><svg aria-hidden=\"true\" focusable=\"false\" data-prefix=\"fas\" data-icon=\"chevron-right\" class=\"svg-inline--fa fa-chevron-right\" xmlns=\"http:\/\/www.w3.org\/2000\/svg\" viewBox=\"0 0 320 512\" width=\"32\" height=\"32\"><path d=\"M285.476 272.971L91.132 467.314c-9.373 9.373-24.569 9.373-33.941 0l-22.667-22.667c-9.357-9.357-9.375-24.522-.04-33.901L188.505 256 34.484 101.255c-9.335-9.379-9.317-24.544.04-33.901l22.667-22.667c9.373-9.373 24.569-9.373 33.941 0L285.475 239.03c9.373 9.372 9.373 24.568.001 33.941z\"><\/path><\/svg><\/button><\/div><\/div><div class=\"stk-block-carousel__dots\" role=\"list\" data-label=\"Slide %%d\"><\/div><\/div><\/div>\n\n\n\n<p class=\"has-text-align-center\"><span style=\"color: var(--theme-palette-color-4, #102136);\" class=\"stk-highlight\"><strong>El proyecto consta de tres etapas y\/o \u00e1reas:<\/strong><\/span><\/p>\n\n\n\n<h4 class=\"wp-block-heading has-text-align-center\">GALPONES WAREHOUSE:<\/h4>\n\n\n\n<p class=\"has-text-align-center has-palette-color-4-color has-text-color has-link-color wp-elements-cbc3a519815b054c6a007dab5b551e71\">22 galpones de Almacenaje de 315 m2 aprox., la vialidad interna que bordea dichos galpones, 77 puestos de estacionamientos, cuarto de basura, cuarto de hidroneum\u00e1tico, tanque subterr\u00e1neo, planta el\u00e9ctrica, m\u00f3dulo de vigilancia.<\/p>\n\n\n\n<h4 class=\"wp-block-heading has-text-align-center\">MINI GALPONES WAREHOUSE:<\/h4>\n\n\n\n<p class=\"has-text-align-center\">12 mini galpones distribuidos en: 4 mini galpones de almacenaje de 160m2 aprox., ubicados el \u00e1rea central y, 8 Mini galpones de Almacenaje de 160 m2 aprox., m\u00e1s un \u00e1rea de patio abierto de 77,25 m2 aprox. c\/u, ubicados en el lateral sur.<\/p>\n\n\n\n<h4 class=\"wp-block-heading has-text-align-center\">MINI DEP\u00d3SITOS:<\/h4>\n\n\n\n<div class=\"wp-block-stackable-text stk-block-text stk-block stk-8239782\" data-block-id=\"8239782\"><p class=\"stk-block-text__text has-text-align-center\">176 mini dep\u00f3sitos de 25 m2 aprox., con m\u00f3dulo de vigilancia, ba\u00f1os p\u00fablicos, sal\u00f3n de circuito cerrado, 73 puestos de estacionamientos.<\/p><\/div>\n\n\n\n<div class=\"wp-block-stackable-spacer stk-block-spacer stk--no-padding stk-block stk-0ef42e2\" data-block-id=\"0ef42e2\"><\/div>\n\n\n\n<div class=\"wp-block-stackable-columns stk-block-columns stk-block stk-669fd54\" data-block-id=\"669fd54\"><style>.stk-669fd54{margin-bottom:50px !important}<\/style><div class=\"stk-row stk-inner-blocks stk-block-content stk-content-align stk-669fd54-column\">\n<div class=\"wp-block-stackable-column stk-block-column stk-column stk-block stk-e022933\" data-v=\"4\" data-block-id=\"e022933\"><div class=\"stk-column-wrapper stk-block-column__content stk-container stk-e022933-container stk--no-background stk--no-padding\"><div class=\"stk-block-content stk-inner-blocks stk-e022933-inner-blocks\">\n<div class=\"wp-block-stackable-image stk-block-image stk-block stk-ec743af\" data-block-id=\"ec743af\"><figure><span class=\"stk-img-wrapper stk-image--shape-stretch\"><img loading=\"lazy\" decoding=\"async\" class=\"stk-img wp-image-752\" src=\"http:\/\/vamilco.net\/wp-content\/uploads\/2024\/05\/UBICACION-ACAYMO.jpg\" width=\"1397\" height=\"1023\" srcset=\"https:\/\/vamilco.net\/wp-content\/uploads\/2024\/05\/UBICACION-ACAYMO.jpg 1397w, https:\/\/vamilco.net\/wp-content\/uploads\/2024\/05\/UBICACION-ACAYMO-300x220.jpg 300w, https:\/\/vamilco.net\/wp-content\/uploads\/2024\/05\/UBICACION-ACAYMO-1024x750.jpg 1024w, https:\/\/vamilco.net\/wp-content\/uploads\/2024\/05\/UBICACION-ACAYMO-768x562.jpg 768w\" sizes=\"auto, (max-width: 1397px) 100vw, 1397px\" \/><\/span><\/figure><\/div>\n<\/div><\/div><\/div>\n<\/div><\/div>\n\n\n\n<div class=\"wp-block-stackable-image stk-block-image stk-block stk-abe4808\" data-block-id=\"abe4808\"><figure><span class=\"stk-img-wrapper stk-image--shape-stretch\"><img loading=\"lazy\" decoding=\"async\" class=\"stk-img wp-image-753\" src=\"http:\/\/vamilco.net\/wp-content\/uploads\/2024\/05\/CONJUNTO-ACAYMO.jpg\" width=\"894\" height=\"441\" srcset=\"https:\/\/vamilco.net\/wp-content\/uploads\/2024\/05\/CONJUNTO-ACAYMO.jpg 894w, https:\/\/vamilco.net\/wp-content\/uploads\/2024\/05\/CONJUNTO-ACAYMO-300x148.jpg 300w, https:\/\/vamilco.net\/wp-content\/uploads\/2024\/05\/CONJUNTO-ACAYMO-768x379.jpg 768w\" sizes=\"auto, (max-width: 894px) 100vw, 894px\" \/><\/span><\/figure><\/div>\n\n\n\n<div class=\"wp-block-stackable-divider stk-block-divider stk-block stk-e5569d0 is-style-bar\" data-block-id=\"e5569d0\"><style>.stk-e5569d0{margin-bottom:100px !important}.stk-e5569d0 hr.stk-block-divider__hr{background:var(--theme-palette-color-2,#017ba7) !important;width:86% !important}<\/style><hr class=\"stk-block-divider__hr\"\/><\/div>\n\n\n\n<div class=\"wp-block-stackable-columns alignfull stk-block-columns stk-block stk-80ce3af stk-block-background stk--has-background-overlay\" data-block-id=\"80ce3af\"><style>.stk-80ce3af{background-color:linear-gradient(180deg,#ffffff 50%,var(--theme-palette-color-4,#102136) 50%) !important;margin-bottom:0px !important}.stk-80ce3af:before{background-image:linear-gradient(180deg,#ffffff 50%,var(--theme-palette-color-4,#102136) 50%) !important}<\/style><div class=\"stk-row stk-inner-blocks stk-block-content stk-content-align stk-80ce3af-column\">\n<div class=\"wp-block-stackable-column stk-block-column stk-column stk-block stk-6ddbaf2 stk-block-background stk--has-background-overlay\" data-v=\"4\" data-block-id=\"6ddbaf2\"><style>.stk-6ddbaf2-container{margin-top:0px !important;margin-right:0px !important;margin-bottom:0px !important;margin-left:0px !important}.stk-6ddbaf2{background-image:url(http:\/\/vamilco.net\/wp-content\/uploads\/2024\/05\/work-5382501_1280.jpg) !important;border-top-left-radius:10px !important;border-top-right-radius:10px !important;border-bottom-right-radius:10px !important;border-bottom-left-radius:10px !important;overflow:hidden !important;padding-top:100px !important;padding-right:300px !important;padding-bottom:100px !important;padding-left:300px !important}.stk-6ddbaf2:before{background-color:#000000 !important;opacity:0.5 !important}@media screen and (max-width:999px){.stk-6ddbaf2{padding-top:80px !important;padding-right:150px !important;padding-bottom:80px !important;padding-left:150px !important}}@media screen and (max-width:689px){.stk-6ddbaf2{padding-top:60px !important;padding-right:50px !important;padding-bottom:60px !important;padding-left:50px !important}}<\/style><div class=\"stk-column-wrapper stk-block-column__content stk-container stk-6ddbaf2-container stk--no-background stk--no-padding\"><div class=\"has-text-align-center stk-block-content stk-inner-blocks stk-6ddbaf2-inner-blocks\">\n<div class=\"wp-block-stackable-heading stk-block-heading stk-block-heading--v2 stk-block stk-8054442\" id=\"construyamos-algo-juntos\" data-block-id=\"8054442\"><style>.stk-8054442{margin-bottom:10px !important}.stk-8054442 .stk-block-heading__text{color:var(--theme-palette-color-8,#ffffff) !important;font-weight:800 !important}@media screen and (max-width:689px){.stk-8054442 .stk-block-heading__text{font-size:25px !important}}<\/style><h2 class=\"stk-block-heading__text has-text-color stk-block-heading--use-theme-margins\">Construyamos algo juntos<\/h2><\/div>\n\n\n\n<div class=\"wp-block-stackable-text stk-block-text stk-block stk-7e574b6\" data-block-id=\"7e574b6\"><style>.stk-7e574b6{margin-bottom:40px !important}.stk-7e574b6 .stk-block-text__text{color:var(--theme-palette-color-8,#ffffff) !important}<\/style><p class=\"stk-block-text__text has-text-color\">Ponte en contacto con nosotros pulsando el bot\u00f3n \u00abContactar\u00bb.<\/p><\/div>\n\n\n\n<div class=\"wp-block-stackable-button-group stk-block-button-group stk-block stk-cc4a772\" data-block-id=\"cc4a772\"><div class=\"stk-row stk-inner-blocks stk-block-content stk-button-group\">\n<div class=\"wp-block-stackable-button stk-block-button stk-block stk-f63b751\" data-block-id=\"f63b751\"><style>.stk-f63b751 .stk-button{padding-top:12px !important;padding-right:30px !important;padding-bottom:12px !important;padding-left:30px !important}<\/style><a class=\"stk-link stk-button stk--hover-effect-darken\" href=\"#\"><span class=\"stk-button__inner-text\">Contactar<\/span><\/a><\/div>\n<\/div><\/div>\n<\/div><\/div><\/div>\n<\/div><\/div>\n","protected":false},"excerpt":{"rendered":"<p>En lo que estamos trabajando El inicio de algo nuevo Nuestro esfuerzo y dedicaci\u00f3n GALPONES WAREHOUSE y MINIDEPOSITOS C.C.I. Acaymo San Diego, Edo. Carabobo. El proyecto consta de tres etapas y\/o \u00e1reas: GALPONES WAREHOUSE: 22 galpones de Almacenaje de 315 m2 aprox., la vialidad interna que bordea dichos galpones, 77 puestos de estacionamientos, cuarto de [&hellip;]<\/p>\n","protected":false},"author":1,"featured_media":0,"parent":0,"menu_order":0,"comment_status":"closed","ping_status":"closed","template":"","meta":{"footnotes":""},"class_list":["post-758","page","type-page","status-publish","hentry"],"blocksy_meta":{"has_hero_section":"disabled","styles_descriptor":{"styles":{"desktop":"","tablet":"","mobile":""},"google_fonts":[],"version":6},"vertical_spacing_source":"custom","content_area_spacing":"none"},"_links":{"self":[{"href":"https:\/\/vamilco.net\/index.php?rest_route=\/wp\/v2\/pages\/758","targetHints":{"allow":["GET"]}}],"collection":[{"href":"https:\/\/vamilco.net\/index.php?rest_route=\/wp\/v2\/pages"}],"about":[{"href":"https:\/\/vamilco.net\/index.php?rest_route=\/wp\/v2\/types\/page"}],"author":[{"embeddable":true,"href":"https:\/\/vamilco.net\/index.php?rest_route=\/wp\/v2\/users\/1"}],"replies":[{"embeddable":true,"href":"https:\/\/vamilco.net\/index.php?rest_route=%2Fwp%2Fv2%2Fcomments&post=758"}],"version-history":[{"count":34,"href":"https:\/\/vamilco.net\/index.php?rest_route=\/wp\/v2\/pages\/758\/revisions"}],"predecessor-version":[{"id":972,"href":"https:\/\/vamilco.net\/index.php?rest_route=\/wp\/v2\/pages\/758\/revisions\/972"}],"wp:attachment":[{"href":"https:\/\/vamilco.net\/index.php?rest_route=%2Fwp%2Fv2%2Fmedia&parent=758"}],"curies":[{"name":"wp","href":"https:\/\/api.w.org\/{rel}","templated":true}]}}